{"id":1149,"date":"2024-11-02T20:17:12","date_gmt":"2024-11-02T19:17:12","guid":{"rendered":"https:\/\/www.metroba.sk\/contact\/"},"modified":"2025-04-05T22:48:20","modified_gmt":"2025-04-05T20:48:20","slug":"contact","status":"publish","type":"page","link":"https:\/\/www.metroba.sk\/en\/contact\/","title":{"rendered":"Contact"},"content":{"rendered":"\t\t<div data-elementor-type=\"wp-page\" data-elementor-id=\"1149\" class=\"elementor elementor-1149 elementor-434\" data-elementor-post-type=\"page\">\n\t\t\t\t\t\t<section class=\"elementor-section elementor-top-section elementor-element elementor-element-048f702 elementor-section-boxed elementor-section-height-default elementor-section-height-default\" data-id=\"048f702\" data-element_type=\"section\" data-settings=\"{&quot;background_background&quot;:&quot;classic&quot;}\">\n\t\t\t\t\t\t<div class=\"elementor-container elementor-column-gap-default\">\n\t\t\t\t\t<div class=\"elementor-column elementor-col-100 elementor-top-column elementor-element elementor-element-b10c585\" data-id=\"b10c585\" data-element_type=\"column\">\n\t\t\t<div class=\"elementor-widget-wrap elementor-element-populated\">\n\t\t\t\t\t\t<div class=\"elementor-element elementor-element-00fc316 elementor-widget elementor-widget-spacer\" data-id=\"00fc316\" data-element_type=\"widget\" data-widget_type=\"spacer.default\">\n\t\t\t\t<div class=\"elementor-widget-container\">\n\t\t\t\t\t\t\t<div class=\"elementor-spacer\">\n\t\t\t<div class=\"elementor-spacer-inner\"><\/div>\n\t\t<\/div>\n\t\t\t\t\t\t<\/div>\n\t\t\t\t<\/div>\n\t\t\t\t\t<\/div>\n\t\t<\/div>\n\t\t\t\t\t<\/div>\n\t\t<\/section>\n\t\t\t\t<section class=\"elementor-section elementor-top-section elementor-element elementor-element-8c2ae59 elementor-section-boxed elementor-section-height-default elementor-section-height-default\" data-id=\"8c2ae59\" data-element_type=\"section\">\n\t\t\t\t\t\t<div class=\"elementor-container elementor-column-gap-default\">\n\t\t\t\t\t<div class=\"elementor-column elementor-col-100 elementor-top-column elementor-element elementor-element-30d2459\" data-id=\"30d2459\" data-element_type=\"column\">\n\t\t\t<div class=\"elementor-widget-wrap elementor-element-populated\">\n\t\t\t\t\t\t<div class=\"elementor-element elementor-element-4ad7ea6 elementor-widget elementor-widget-heading\" data-id=\"4ad7ea6\" data-element_type=\"widget\" data-widget_type=\"heading.default\">\n\t\t\t\t<div class=\"elementor-widget-container\">\n\t\t\t\t\t<h1 class=\"elementor-heading-title elementor-size-default\">Contact<\/h1>\t\t\t\t<\/div>\n\t\t\t\t<\/div>\n\t\t\t\t\t<\/div>\n\t\t<\/div>\n\t\t\t\t\t<\/div>\n\t\t<\/section>\n\t\t\t\t<section class=\"elementor-section elementor-top-section elementor-element elementor-element-7226163 elementor-section-boxed elementor-section-height-default elementor-section-height-default\" data-id=\"7226163\" data-element_type=\"section\">\n\t\t\t\t\t\t<div class=\"elementor-container elementor-column-gap-default\">\n\t\t\t\t\t<div class=\"elementor-column elementor-col-25 elementor-top-column elementor-element elementor-element-95a8e08\" data-id=\"95a8e08\" data-element_type=\"column\">\n\t\t\t<div class=\"elementor-widget-wrap elementor-element-populated\">\n\t\t\t\t\t\t<div class=\"elementor-element elementor-element-2f1f3a1 elementor-widget elementor-widget-heading\" data-id=\"2f1f3a1\" data-element_type=\"widget\" data-widget_type=\"heading.default\">\n\t\t\t\t<div class=\"elementor-widget-container\">\n\t\t\t\t\t<h2 class=\"elementor-heading-title elementor-size-default\">METRO Bratislava a.s.<\/h2>\t\t\t\t<\/div>\n\t\t\t\t<\/div>\n\t\t\t\t<div class=\"elementor-element elementor-element-de31d14 elementor-widget elementor-widget-text-editor\" data-id=\"de31d14\" data-element_type=\"widget\" data-widget_type=\"text-editor.default\">\n\t\t\t\t<div class=\"elementor-widget-container\">\n\t\t\t\t\t\t\t\t\t<p>I\u010cO: 35732881<\/p>\n\t\t\t\t\t\t\t\t<\/div>\n\t\t\t\t<\/div>\n\t\t\t\t\t<\/div>\n\t\t<\/div>\n\t\t\t\t<div class=\"elementor-column elementor-col-25 elementor-top-column elementor-element elementor-element-c5fd365\" data-id=\"c5fd365\" data-element_type=\"column\">\n\t\t\t<div class=\"elementor-widget-wrap elementor-element-populated\">\n\t\t\t\t\t\t<div class=\"elementor-element elementor-element-a5a3739 elementor-widget elementor-widget-heading\" data-id=\"a5a3739\" data-element_type=\"widget\" data-widget_type=\"heading.default\">\n\t\t\t\t<div class=\"elementor-widget-container\">\n\t\t\t\t\t<h2 class=\"elementor-heading-title elementor-size-default\">Postal address<\/h2>\t\t\t\t<\/div>\n\t\t\t\t<\/div>\n\t\t\t\t<div class=\"elementor-element elementor-element-ca575c7 elementor-widget__width-inherit elementor-widget elementor-widget-text-editor\" data-id=\"ca575c7\" data-element_type=\"widget\" data-widget_type=\"text-editor.default\">\n\t\t\t\t<div class=\"elementor-widget-container\">\n\t\t\t\t\t\t\t\t\t<p>Muchovo n\u00e1m. \u010d. 12<br \/>852 71 Bratislava<\/p>\n\t\t\t\t\t\t\t\t<\/div>\n\t\t\t\t<\/div>\n\t\t\t\t\t<\/div>\n\t\t<\/div>\n\t\t\t\t<div class=\"elementor-column elementor-col-25 elementor-top-column elementor-element elementor-element-d5cf687\" data-id=\"d5cf687\" data-element_type=\"column\">\n\t\t\t<div class=\"elementor-widget-wrap elementor-element-populated\">\n\t\t\t\t\t\t<div class=\"elementor-element elementor-element-0b60ad0 elementor-widget elementor-widget-heading\" data-id=\"0b60ad0\" data-element_type=\"widget\" data-widget_type=\"heading.default\">\n\t\t\t\t<div class=\"elementor-widget-container\">\n\t\t\t\t\t<h2 class=\"elementor-heading-title elementor-size-default\">Address<\/h2>\t\t\t\t<\/div>\n\t\t\t\t<\/div>\n\t\t\t\t<div class=\"elementor-element elementor-element-8d8101a elementor-widget elementor-widget-text-editor\" data-id=\"8d8101a\" data-element_type=\"widget\" data-widget_type=\"text-editor.default\">\n\t\t\t\t<div class=\"elementor-widget-container\">\n\t\t\t\t\t\t\t\t\t<p>Primaci\u00e1lne n\u00e1m. \u010d. 1<br \/>811 01 Bratislava&nbsp;<\/p>\n\t\t\t\t\t\t\t\t<\/div>\n\t\t\t\t<\/div>\n\t\t\t\t\t<\/div>\n\t\t<\/div>\n\t\t\t\t<div class=\"elementor-column elementor-col-25 elementor-top-column elementor-element elementor-element-4ab423c\" data-id=\"4ab423c\" data-element_type=\"column\">\n\t\t\t<div class=\"elementor-widget-wrap elementor-element-populated\">\n\t\t\t\t\t\t<div class=\"elementor-element elementor-element-8bed8ae elementor-widget elementor-widget-heading\" data-id=\"8bed8ae\" data-element_type=\"widget\" data-widget_type=\"heading.default\">\n\t\t\t\t<div class=\"elementor-widget-container\">\n\t\t\t\t\t<h2 class=\"elementor-heading-title elementor-size-default\">Secretariat<\/h2>\t\t\t\t<\/div>\n\t\t\t\t<\/div>\n\t\t\t\t<div class=\"elementor-element elementor-element-e42fb8c elementor-widget elementor-widget-text-editor\" data-id=\"e42fb8c\" data-element_type=\"widget\" data-widget_type=\"text-editor.default\">\n\t\t\t\t<div class=\"elementor-widget-container\">\n\t\t\t\t\t\t\t\t\t<p>METRO Bratislava a.s.<br \/><span style=\"color: #d20a11;\"><strong>Telephone:<\/strong><\/span> <span style=\"text-decoration: underline;\">+421 940 991 759<\/span><br \/><span style=\"color: #d20a11;\"><strong>E-mail:<\/strong><\/span> <span style=\"text-decoration: underline;\">sekretariat@metroba.sk<\/span><\/p>\n\t\t\t\t\t\t\t\t<\/div>\n\t\t\t\t<\/div>\n\t\t\t\t\t<\/div>\n\t\t<\/div>\n\t\t\t\t\t<\/div>\n\t\t<\/section>\n\t\t\t\t<\/div>\n\t\t","protected":false},"excerpt":{"rendered":"<p>Contact METRO Bratislava a.s. I\u010cO: 35732881 Postal address Muchovo n\u00e1m. \u010d. 12852 71 Bratislava Address Primaci\u00e1lne n\u00e1m. \u010d. 1811 01 Bratislava&nbsp; Secretariat METRO Bratislava a.s.Telephone: +421 940 991 759E-mail: sekretariat@metroba.sk<\/p>\n","protected":false},"author":3,"featured_media":0,"parent":0,"menu_order":0,"comment_status":"closed","ping_status":"closed","template":"","meta":{"footnotes":""},"class_list":["post-1149","page","type-page","status-publish","hentry"],"yoast_head":"<!-- This site is optimized with the Yoast SEO plugin v24.1 - https:\/\/yoast.com\/wordpress\/plugins\/seo\/ -->\n<title>Contact - METRO Bratislava<\/title>\n<meta name=\"description\" content=\"Secretariat | Phone: +421 940 991 759 | E-mail: sekretariat@metroba.sk | Postal address: Muchovo n\u00e1m. \u010d. 12, 852 71 Bratislava\" \/>\n<meta name=\"robots\" content=\"index, follow, max-snippet:-1, max-image-preview:large, max-video-preview:-1\" \/>\n<link rel=\"canonical\" href=\"https:\/\/www.metroba.sk\/en\/contact\/\" \/>\n<meta property=\"og:locale\" content=\"en_US\" \/>\n<meta property=\"og:type\" content=\"article\" \/>\n<meta property=\"og:title\" content=\"Contact - METRO Bratislava\" \/>\n<meta property=\"og:description\" content=\"Secretariat | Phone: +421 940 991 759 | E-mail: sekretariat@metroba.sk | Postal address: Muchovo n\u00e1m. \u010d. 12, 852 71 Bratislava\" \/>\n<meta property=\"og:url\" content=\"https:\/\/www.metroba.sk\/en\/contact\/\" \/>\n<meta property=\"og:site_name\" content=\"METRO Bratislava\" \/>\n<meta property=\"article:modified_time\" content=\"2025-04-05T20:48:20+00:00\" \/>\n<meta name=\"twitter:card\" content=\"summary_large_image\" \/>\n<meta name=\"twitter:label1\" content=\"Est. reading time\" \/>\n\t<meta name=\"twitter:data1\" content=\"1 minute\" \/>\n<script type=\"application\/ld+json\" class=\"yoast-schema-graph\">{\"@context\":\"https:\/\/schema.org\",\"@graph\":[{\"@type\":\"WebPage\",\"@id\":\"https:\/\/www.metroba.sk\/en\/contact\/\",\"url\":\"https:\/\/www.metroba.sk\/en\/contact\/\",\"name\":\"Contact - METRO Bratislava\",\"isPartOf\":{\"@id\":\"https:\/\/www.metroba.sk\/#website\"},\"datePublished\":\"2024-11-02T19:17:12+00:00\",\"dateModified\":\"2025-04-05T20:48:20+00:00\",\"description\":\"Secretariat | Phone: +421 940 991 759 | E-mail: sekretariat@metroba.sk | Postal address: Muchovo n\u00e1m. \u010d. 12, 852 71 Bratislava\",\"breadcrumb\":{\"@id\":\"https:\/\/www.metroba.sk\/en\/contact\/#breadcrumb\"},\"inLanguage\":\"en-US\",\"potentialAction\":[{\"@type\":\"ReadAction\",\"target\":[\"https:\/\/www.metroba.sk\/en\/contact\/\"]}]},{\"@type\":\"BreadcrumbList\",\"@id\":\"https:\/\/www.metroba.sk\/en\/contact\/#breadcrumb\",\"itemListElement\":[{\"@type\":\"ListItem\",\"position\":1,\"name\":\"Home\",\"item\":\"https:\/\/www.metroba.sk\/en\/home\/\"},{\"@type\":\"ListItem\",\"position\":2,\"name\":\"Contact\"}]},{\"@type\":\"WebSite\",\"@id\":\"https:\/\/www.metroba.sk\/#website\",\"url\":\"https:\/\/www.metroba.sk\/\",\"name\":\"METRO Bratislava\",\"description\":\"Pom\u00e1hame stava\u0165 mesto\",\"publisher\":{\"@id\":\"https:\/\/www.metroba.sk\/#organization\"},\"potentialAction\":[{\"@type\":\"SearchAction\",\"target\":{\"@type\":\"EntryPoint\",\"urlTemplate\":\"https:\/\/www.metroba.sk\/?s={search_term_string}\"},\"query-input\":{\"@type\":\"PropertyValueSpecification\",\"valueRequired\":true,\"valueName\":\"search_term_string\"}}],\"inLanguage\":\"en-US\"},{\"@type\":\"Organization\",\"@id\":\"https:\/\/www.metroba.sk\/#organization\",\"name\":\"METRO Bratislava\",\"url\":\"https:\/\/www.metroba.sk\/\",\"logo\":{\"@type\":\"ImageObject\",\"inLanguage\":\"en-US\",\"@id\":\"https:\/\/www.metroba.sk\/#\/schema\/logo\/image\/\",\"url\":\"https:\/\/www.metroba.sk\/wp-content\/uploads\/2021\/02\/logo-2.svg\",\"contentUrl\":\"https:\/\/www.metroba.sk\/wp-content\/uploads\/2021\/02\/logo-2.svg\",\"width\":240,\"height\":62,\"caption\":\"METRO Bratislava\"},\"image\":{\"@id\":\"https:\/\/www.metroba.sk\/#\/schema\/logo\/image\/\"}}]}<\/script>\n<!-- \/ Yoast SEO plugin. -->","yoast_head_json":{"title":"Contact - METRO Bratislava","description":"Secretariat | Phone: +421 940 991 759 | E-mail: sekretariat@metroba.sk | Postal address: Muchovo n\u00e1m. \u010d. 12, 852 71 Bratislava","robots":{"index":"index","follow":"follow","max-snippet":"max-snippet:-1","max-image-preview":"max-image-preview:large","max-video-preview":"max-video-preview:-1"},"canonical":"https:\/\/www.metroba.sk\/en\/contact\/","og_locale":"en_US","og_type":"article","og_title":"Contact - METRO Bratislava","og_description":"Secretariat | Phone: +421 940 991 759 | E-mail: sekretariat@metroba.sk | Postal address: Muchovo n\u00e1m. \u010d. 12, 852 71 Bratislava","og_url":"https:\/\/www.metroba.sk\/en\/contact\/","og_site_name":"METRO Bratislava","article_modified_time":"2025-04-05T20:48:20+00:00","twitter_card":"summary_large_image","twitter_misc":{"Est. reading time":"1 minute"},"schema":{"@context":"https:\/\/schema.org","@graph":[{"@type":"WebPage","@id":"https:\/\/www.metroba.sk\/en\/contact\/","url":"https:\/\/www.metroba.sk\/en\/contact\/","name":"Contact - METRO Bratislava","isPartOf":{"@id":"https:\/\/www.metroba.sk\/#website"},"datePublished":"2024-11-02T19:17:12+00:00","dateModified":"2025-04-05T20:48:20+00:00","description":"Secretariat | Phone: +421 940 991 759 | E-mail: sekretariat@metroba.sk | Postal address: Muchovo n\u00e1m. \u010d. 12, 852 71 Bratislava","breadcrumb":{"@id":"https:\/\/www.metroba.sk\/en\/contact\/#breadcrumb"},"inLanguage":"en-US","potentialAction":[{"@type":"ReadAction","target":["https:\/\/www.metroba.sk\/en\/contact\/"]}]},{"@type":"BreadcrumbList","@id":"https:\/\/www.metroba.sk\/en\/contact\/#breadcrumb","itemListElement":[{"@type":"ListItem","position":1,"name":"Home","item":"https:\/\/www.metroba.sk\/en\/home\/"},{"@type":"ListItem","position":2,"name":"Contact"}]},{"@type":"WebSite","@id":"https:\/\/www.metroba.sk\/#website","url":"https:\/\/www.metroba.sk\/","name":"METRO Bratislava","description":"Pom\u00e1hame stava\u0165 mesto","publisher":{"@id":"https:\/\/www.metroba.sk\/#organization"},"potentialAction":[{"@type":"SearchAction","target":{"@type":"EntryPoint","urlTemplate":"https:\/\/www.metroba.sk\/?s={search_term_string}"},"query-input":{"@type":"PropertyValueSpecification","valueRequired":true,"valueName":"search_term_string"}}],"inLanguage":"en-US"},{"@type":"Organization","@id":"https:\/\/www.metroba.sk\/#organization","name":"METRO Bratislava","url":"https:\/\/www.metroba.sk\/","logo":{"@type":"ImageObject","inLanguage":"en-US","@id":"https:\/\/www.metroba.sk\/#\/schema\/logo\/image\/","url":"https:\/\/www.metroba.sk\/wp-content\/uploads\/2021\/02\/logo-2.svg","contentUrl":"https:\/\/www.metroba.sk\/wp-content\/uploads\/2021\/02\/logo-2.svg","width":240,"height":62,"caption":"METRO Bratislava"},"image":{"@id":"https:\/\/www.metroba.sk\/#\/schema\/logo\/image\/"}}]}},"_links":{"self":[{"href":"https:\/\/www.metroba.sk\/en\/wp-json\/wp\/v2\/pages\/1149","targetHints":{"allow":["GET"]}}],"collection":[{"href":"https:\/\/www.metroba.sk\/en\/wp-json\/wp\/v2\/pages"}],"about":[{"href":"https:\/\/www.metroba.sk\/en\/wp-json\/wp\/v2\/types\/page"}],"author":[{"embeddable":true,"href":"https:\/\/www.metroba.sk\/en\/wp-json\/wp\/v2\/users\/3"}],"replies":[{"embeddable":true,"href":"https:\/\/www.metroba.sk\/en\/wp-json\/wp\/v2\/comments?post=1149"}],"version-history":[{"count":1,"href":"https:\/\/www.metroba.sk\/en\/wp-json\/wp\/v2\/pages\/1149\/revisions"}],"predecessor-version":[{"id":1150,"href":"https:\/\/www.metroba.sk\/en\/wp-json\/wp\/v2\/pages\/1149\/revisions\/1150"}],"wp:attachment":[{"href":"https:\/\/www.metroba.sk\/en\/wp-json\/wp\/v2\/media?parent=1149"}],"curies":[{"name":"wp","href":"https:\/\/api.w.org\/{rel}","templated":true}]}}