{"id":1132,"date":"2022-02-14T19:56:10","date_gmt":"2022-02-14T18:56:10","guid":{"rendered":"https:\/\/www.metroba.sk\/cookies\/"},"modified":"2025-04-05T22:45:56","modified_gmt":"2025-04-05T20:45:56","slug":"cookies","status":"publish","type":"page","link":"https:\/\/www.metroba.sk\/en\/cookies\/","title":{"rendered":"Cookies"},"content":{"rendered":"\t\t<div data-elementor-type=\"wp-post\" data-elementor-id=\"1132\" class=\"elementor elementor-1132 elementor-54\" data-elementor-post-type=\"page\">\n\t\t\t\t\t\t<section class=\"elementor-section elementor-top-section elementor-element elementor-element-ca7ac4c elementor-section-boxed elementor-section-height-default elementor-section-height-default\" data-id=\"ca7ac4c\" data-element_type=\"section\" data-settings=\"{&quot;background_background&quot;:&quot;classic&quot;}\">\n\t\t\t\t\t\t<div class=\"elementor-container elementor-column-gap-default\">\n\t\t\t\t\t<div class=\"elementor-column elementor-col-100 elementor-top-column elementor-element elementor-element-1c5ea92\" data-id=\"1c5ea92\" data-element_type=\"column\">\n\t\t\t<div class=\"elementor-widget-wrap elementor-element-populated\">\n\t\t\t\t\t\t<div class=\"elementor-element elementor-element-a5782ee elementor-widget elementor-widget-spacer\" data-id=\"a5782ee\" data-element_type=\"widget\" data-widget_type=\"spacer.default\">\n\t\t\t\t<div class=\"elementor-widget-container\">\n\t\t\t\t\t\t\t<div class=\"elementor-spacer\">\n\t\t\t<div class=\"elementor-spacer-inner\"><\/div>\n\t\t<\/div>\n\t\t\t\t\t\t<\/div>\n\t\t\t\t<\/div>\n\t\t\t\t\t<\/div>\n\t\t<\/div>\n\t\t\t\t\t<\/div>\n\t\t<\/section>\n\t\t\t\t<section class=\"elementor-section elementor-top-section elementor-element elementor-element-7711da09 elementor-section-boxed elementor-section-height-default elementor-section-height-default\" data-id=\"7711da09\" data-element_type=\"section\">\n\t\t\t\t\t\t<div class=\"elementor-container elementor-column-gap-default\">\n\t\t\t\t\t<div class=\"elementor-column elementor-col-100 elementor-top-column elementor-element elementor-element-366fd1e\" data-id=\"366fd1e\" data-element_type=\"column\">\n\t\t\t<div class=\"elementor-widget-wrap elementor-element-populated\">\n\t\t\t\t\t\t<div class=\"elementor-element elementor-element-9214767 elementor-widget elementor-widget-heading\" data-id=\"9214767\" data-element_type=\"widget\" data-widget_type=\"heading.default\">\n\t\t\t\t<div class=\"elementor-widget-container\">\n\t\t\t\t\t<h1 class=\"elementor-heading-title elementor-size-default\">Cookies<\/h1>\t\t\t\t<\/div>\n\t\t\t\t<\/div>\n\t\t\t\t<div class=\"elementor-element elementor-element-5e903318 elementor-widget elementor-widget-text-editor\" data-id=\"5e903318\" data-element_type=\"widget\" data-widget_type=\"text-editor.default\">\n\t\t\t\t<div class=\"elementor-widget-container\">\n\t\t\t\t\t\t\t\t\t<p>Tieto z\u00e1sady obsahuj\u00fa inform\u00e1cie o tom, ako spolo\u010dnos\u0165 METRO Bratislava a.s. so s\u00eddlom Primaci\u00e1lne n\u00e1m. 1 811 01 Bratislava, I\u010cO: 35732881, zap\u00edsan\u00e1 v Obchodnom registri Okresn\u00e9ho s\u00fadu Mestsk\u00fd s\u00fad Bratislava III, vlo\u017eka \u010d. 1575\/B. (\u010falej len ako \u201ePrev\u00e1dzkovate\u013e\u201c) pou\u017e\u00edva s\u00fabory cookies a podobn\u00e9 technol\u00f3gie (\u010falej len \u201ecookies\u201c).<\/p>\n\t\t\t\t\t\t\t\t<\/div>\n\t\t\t\t<\/div>\n\t\t\t\t<div class=\"elementor-element elementor-element-9fa745d elementor-widget elementor-widget-heading\" data-id=\"9fa745d\" data-element_type=\"widget\" data-widget_type=\"heading.default\">\n\t\t\t\t<div class=\"elementor-widget-container\">\n\t\t\t\t\t<h2 class=\"elementor-heading-title elementor-size-default\">\u010co s\u00fa cookies?<\/h2>\t\t\t\t<\/div>\n\t\t\t\t<\/div>\n\t\t\t\t<div class=\"elementor-element elementor-element-53b9e417 elementor-widget elementor-widget-text-editor\" data-id=\"53b9e417\" data-element_type=\"widget\" data-widget_type=\"text-editor.default\">\n\t\t\t\t<div class=\"elementor-widget-container\">\n\t\t\t\t\t\t\t\t\t<p>S\u00fabory cookies s\u00fa mal\u00e9 textov\u00e9 s\u00fabory, ktor\u00e9 m\u00f4\u017eu by\u0165 do prehliada\u010da odosielan\u00e9 pri n\u00e1v\u0161teve webov\u00fdch str\u00e1nok a ukladan\u00e9 do V\u00e1\u0161ho zariadenia (po\u010d\u00edta\u010da alebo do in\u00e9ho zariadenia s pr\u00edstupom na internet, ako napr. smartphone alebo tablet). S\u00fabory cookies sa ukladaj\u00fa do prie\u010dinka pre s\u00fabory V\u00e1\u0161ho prehliada\u010da. Cookies obvykle obsahuj\u00fa n\u00e1zov webovej str\u00e1nky, z ktorej poch\u00e1dzaj\u00fa, platnos\u0165 a hodnotu. Pri \u010fal\u0161ej n\u00e1v\u0161teve str\u00e1nky webov\u00fd prehliada\u010d znovu na\u010d\u00edta s\u00fabory cookies a tieto inform\u00e1cie odo\u0161le sp\u00e4\u0165 webovej str\u00e1nke, ktor\u00e1 p\u00f4vodne cookies vytvorila. S\u00fabory \u201ecookies\u201c, ktor\u00e9 pou\u017e\u00edvame, nepo\u0161kodzuj\u00fa V\u00e1\u0161 po\u010d\u00edta\u010d alebo zariadenie.<\/p>\n\t\t\t\t\t\t\t\t<\/div>\n\t\t\t\t<\/div>\n\t\t\t\t<div class=\"elementor-element elementor-element-2b8a5428 elementor-widget elementor-widget-heading\" data-id=\"2b8a5428\" data-element_type=\"widget\" data-widget_type=\"heading.default\">\n\t\t\t\t<div class=\"elementor-widget-container\">\n\t\t\t\t\t<h2 class=\"elementor-heading-title elementor-size-default\">Pre\u010do pou\u017e\u00edvame cookies?<\/h2>\t\t\t\t<\/div>\n\t\t\t\t<\/div>\n\t\t\t\t<div class=\"elementor-element elementor-element-d895c32 elementor-widget elementor-widget-text-editor\" data-id=\"d895c32\" data-element_type=\"widget\" data-widget_type=\"text-editor.default\">\n\t\t\t\t<div class=\"elementor-widget-container\">\n\t\t\t\t\t\t\t\t\t<p>Cookies pou\u017e\u00edvame s cie\u013eom optim\u00e1lne vytv\u00e1ra\u0165 a neust\u00e1le skvalit\u0148ova\u0165 na\u0161e slu\u017eby, prisp\u00f4sobi\u0165 ich Va\u0161im z\u00e1ujmom a potreb\u00e1m a zlep\u0161ova\u0165 ich \u0161trukt\u00faru a obsah. Na str\u00e1nkach www.metroba.sk m\u00f4\u017eu by\u0165 pou\u017eit\u00e9 do\u010dasn\u00e9 a trval\u00e9 cookies. Do\u010dasn\u00e9 sa uchov\u00e1vaj\u00fa vo Va\u0161om zariaden\u00ed, k\u00fdm str\u00e1nku neopust\u00edte. Trval\u00e9 cookies zost\u00e1vaj\u00fa na Va\u0161om zariaden\u00ed do uplynutia ich platnosti alebo do ru\u010dn\u00e9ho vymazania. Doba, po\u010das ktorej si inform\u00e1cie ponech\u00e1vame, z\u00e1vis\u00ed od typu s\u00faborov cookies.<\/p>\n\t\t\t\t\t\t\t\t<\/div>\n\t\t\t\t<\/div>\n\t\t\t\t<div class=\"elementor-element elementor-element-8fbe329 elementor-widget elementor-widget-heading\" data-id=\"8fbe329\" data-element_type=\"widget\" data-widget_type=\"heading.default\">\n\t\t\t\t<div class=\"elementor-widget-container\">\n\t\t\t\t\t<h2 class=\"elementor-heading-title elementor-size-default\">Na na\u0161ich webov\u00fdch str\u00e1nkach pou\u017e\u00edvame iba nevyhnutn\u00e9 cookies:<\/h2>\t\t\t\t<\/div>\n\t\t\t\t<\/div>\n\t\t\t\t<div class=\"elementor-element elementor-element-7e686750 elementor-widget elementor-widget-heading\" data-id=\"7e686750\" data-element_type=\"widget\" data-widget_type=\"heading.default\">\n\t\t\t\t<div class=\"elementor-widget-container\">\n\t\t\t\t\t<h3 class=\"elementor-heading-title elementor-size-default\">Nevyhnutn\u00e9 (funk\u010dn\u00e9) s\u00fabory cookies<\/h3>\t\t\t\t<\/div>\n\t\t\t\t<\/div>\n\t\t\t\t<div class=\"elementor-element elementor-element-70610cef elementor-widget elementor-widget-text-editor\" data-id=\"70610cef\" data-element_type=\"widget\" data-widget_type=\"text-editor.default\">\n\t\t\t\t<div class=\"elementor-widget-container\">\n\t\t\t\t\t\t\t\t\t<p>Tieto s\u00fabory cookies tvoria z\u00e1klad pre prev\u00e1dzku na\u0161ej webovej str\u00e1nky a umo\u017e\u0148uj\u00fa pou\u017e\u00edvanie z\u00e1kladn\u00fdch funkci\u00ed. Bez vyu\u017e\u00edvania t\u00fdchto cookies by nebolo mo\u017en\u00e9 poskytova\u0165 slu\u017eby, ktor\u00e9 tvoria z\u00e1klad na\u0161ej webovej str\u00e1nky, nako\u013eko by sa V\u00e1m niektor\u00e9 funkcie na\u0161ej webovej str\u00e1nky nezobrazovali spr\u00e1vne.<\/p>\n<\/p>\n<p>V zmysle platnej legislat\u00edvy je Prev\u00e1dzkovate\u013e opr\u00e1vnen\u00fd uklada\u0165 funk\u010dn\u00e9 cookies s\u00fabory do V\u00e1\u0161ho zariadenia aj bez V\u00e1\u0161ho s\u00fahlasu. Vyu\u017e\u00edvanie funk\u010dn\u00fdch cookies s\u00faborov m\u00f4\u017eete vypn\u00fa\u0165 prostredn\u00edctvom nastaven\u00ed V\u00e1\u0161ho prehliada\u010da. V takom pr\u00edpade sa V\u00e1m v\u0161ak niektor\u00e9 funkcie webovej str\u00e1nky nebud\u00fa zobrazova\u0165 spr\u00e1vne.<\/p>\n\t\t\t\t\t\t\t\t<\/div>\n\t\t\t\t<\/div>\n\t\t\t\t<div class=\"elementor-element elementor-element-75279ffb elementor-widget elementor-widget-heading\" data-id=\"75279ffb\" data-element_type=\"widget\" data-widget_type=\"heading.default\">\n\t\t\t\t<div class=\"elementor-widget-container\">\n\t\t\t\t\t<h2 class=\"elementor-heading-title elementor-size-default\">Ako m\u00f4\u017eete zmeni\u0165 nastavenia cookies?<\/h2>\t\t\t\t<\/div>\n\t\t\t\t<\/div>\n\t\t\t\t<div class=\"elementor-element elementor-element-734f6fc0 elementor-widget elementor-widget-text-editor\" data-id=\"734f6fc0\" data-element_type=\"widget\" data-widget_type=\"text-editor.default\">\n\t\t\t\t<div class=\"elementor-widget-container\">\n\t\t\t\t\t\t\t\t\t<p>Svoj s\u00fahlas s ukladan\u00edm s\u00faborov cookies do V\u00e1\u0161ho zariadenia m\u00f4\u017eete kedyko\u013evek odvola\u0165 alebo zmeni\u0165 v nastaveniach s\u00faborov cookies vo svojom webovom prehliada\u010di.<\/p>\n\t\t\t\t\t\t\t\t<\/div>\n\t\t\t\t<\/div>\n\t\t\t\t<div class=\"elementor-element elementor-element-4e182f78 elementor-widget elementor-widget-heading\" data-id=\"4e182f78\" data-element_type=\"widget\" data-widget_type=\"heading.default\">\n\t\t\t\t<div class=\"elementor-widget-container\">\n\t\t\t\t\t<h2 class=\"elementor-heading-title elementor-size-default\">Platnos\u0165<\/h2>\t\t\t\t<\/div>\n\t\t\t\t<\/div>\n\t\t\t\t<div class=\"elementor-element elementor-element-3689263a elementor-widget elementor-widget-text-editor\" data-id=\"3689263a\" data-element_type=\"widget\" data-widget_type=\"text-editor.default\">\n\t\t\t\t<div class=\"elementor-widget-container\">\n\t\t\t\t\t\t\t\t\t<p>Tieto aktualizovan\u00e9 z\u00e1sady pou\u017e\u00edvania s\u00faborov cookies na na\u0161ej webovej str\u00e1nke s\u00fa platn\u00e9 a \u00fa\u010dinn\u00e9 od 1.2.2022. Prev\u00e1dzkovate\u013e je opr\u00e1vnen\u00fd aktualizova\u0165 a meni\u0165 tieto z\u00e1sady pou\u017e\u00edvania s\u00faborov cookies.<\/p>\n\t\t\t\t\t\t\t\t<\/div>\n\t\t\t\t<\/div>\n\t\t\t\t<div class=\"elementor-element elementor-element-6a1b2dfd elementor-widget elementor-widget-heading\" data-id=\"6a1b2dfd\" data-element_type=\"widget\" data-widget_type=\"heading.default\">\n\t\t\t\t<div class=\"elementor-widget-container\">\n\t\t\t\t\t<h2 class=\"elementor-heading-title elementor-size-default\">Zoznam s\u00faborov cookies pou\u017e\u00edvan\u00fdch na str\u00e1nke www.metroba.sk<\/h2>\t\t\t\t<\/div>\n\t\t\t\t<\/div>\n\t\t\t\t<div class=\"elementor-element elementor-element-74355cca elementor-widget elementor-widget-text-editor\" data-id=\"74355cca\" data-element_type=\"widget\" data-widget_type=\"text-editor.default\">\n\t\t\t\t<div class=\"elementor-widget-container\">\n\t\t\t\t\t\t\t\t\t<p>Kateg\u00f3ria: Nevyhnutn\u00e9 (1)<\/p>\n<table>\n<tbody>\n<tr>\n<td width=\"143\">\n<p><strong>N\u00c1ZOV COOKIE<\/strong><\/p>\n<\/td>\n<td width=\"148\">\n<p><strong>POSKYTOVATE\u013d<\/strong><\/p>\n<\/td>\n<td width=\"40\">\n<p><strong>TYP<\/strong><\/p>\n<\/td>\n<td width=\"74\">\n<p><strong>EXSPIRUJE<\/strong><\/p>\n<\/td>\n<td width=\"66\">\n<p><strong>ZASLAN\u00c9 DO<\/strong><\/p>\n<\/td>\n<td width=\"120\">\n<p><strong>POPIS<\/strong><\/p>\n<\/td>\n<\/tr>\n<tr>\n<td width=\"143\">\n<p>elementor<\/p>\n<\/td>\n<td width=\"148\">\n<p>metroba.sk<\/p>\n<\/td>\n<td width=\"40\">\n<p>HTML<\/p>\n<\/td>\n<td width=\"74\">\n<p>Trval\u00e9<\/p>\n<\/td>\n<td width=\"66\">\n<p>Slovakia<\/p>\n<\/td>\n<td width=\"120\">\n<p>Pou\u017e\u00edva sa v kontexte s t\u00e9mou Word Press webovej str\u00e1nky. S\u00fabor cookie umo\u017e\u0148uje vlastn\u00edkovi webovej str\u00e1nky implementova\u0165 alebo meni\u0165 obsah webovej str\u00e1nky v re\u00e1lnom \u010dase.<\/p>\n<\/td>\n<\/tr>\n<\/tbody>\n<\/table>\n\t\t\t\t\t\t\t\t<\/div>\n\t\t\t\t<\/div>\n\t\t\t\t\t<\/div>\n\t\t<\/div>\n\t\t\t\t\t<\/div>\n\t\t<\/section>\n\t\t\t\t<section class=\"elementor-section elementor-top-section elementor-element elementor-element-7dd181a elementor-section-boxed elementor-section-height-default elementor-section-height-default\" data-id=\"7dd181a\" data-element_type=\"section\">\n\t\t\t\t\t\t<div class=\"elementor-container elementor-column-gap-default\">\n\t\t\t\t\t<div class=\"elementor-column elementor-col-100 elementor-top-column elementor-element elementor-element-4a1b771\" data-id=\"4a1b771\" data-element_type=\"column\">\n\t\t\t<div class=\"elementor-widget-wrap elementor-element-populated\">\n\t\t\t\t\t\t<div class=\"elementor-element elementor-element-684da07 elementor-widget elementor-widget-spacer\" data-id=\"684da07\" data-element_type=\"widget\" data-widget_type=\"spacer.default\">\n\t\t\t\t<div class=\"elementor-widget-container\">\n\t\t\t\t\t\t\t<div class=\"elementor-spacer\">\n\t\t\t<div class=\"elementor-spacer-inner\"><\/div>\n\t\t<\/div>\n\t\t\t\t\t\t<\/div>\n\t\t\t\t<\/div>\n\t\t\t\t\t<\/div>\n\t\t<\/div>\n\t\t\t\t\t<\/div>\n\t\t<\/section>\n\t\t\t\t<\/div>\n\t\t","protected":false},"excerpt":{"rendered":"<p>Cookies Tieto z\u00e1sady obsahuj\u00fa inform\u00e1cie o tom, ako spolo\u010dnos\u0165 METRO Bratislava a.s. so s\u00eddlom Primaci\u00e1lne n\u00e1m. 1 811 01 Bratislava, I\u010cO: 35732881, zap\u00edsan\u00e1 v Obchodnom registri Okresn\u00e9ho s\u00fadu Mestsk\u00fd s\u00fad Bratislava III, vlo\u017eka \u010d. 1575\/B. (\u010falej len ako \u201ePrev\u00e1dzkovate\u013e\u201c) pou\u017e\u00edva s\u00fabory cookies a podobn\u00e9 technol\u00f3gie (\u010falej len \u201ecookies\u201c). \u010co s\u00fa cookies? S\u00fabory cookies s\u00fa mal\u00e9 [&hellip;]<\/p>\n","protected":false},"author":3,"featured_media":0,"parent":0,"menu_order":0,"comment_status":"closed","ping_status":"closed","template":"elementor_header_footer","meta":{"footnotes":""},"class_list":["post-1132","page","type-page","status-publish","hentry"],"yoast_head":"<!-- This site is optimized with the Yoast SEO plugin v24.1 - https:\/\/yoast.com\/wordpress\/plugins\/seo\/ -->\n<title>Cookies - METRO Bratislava<\/title>\n<meta name=\"description\" content=\"Read what cookies we use\" \/>\n<meta name=\"robots\" content=\"index, follow, max-snippet:-1, max-image-preview:large, max-video-preview:-1\" \/>\n<link rel=\"canonical\" href=\"https:\/\/www.metroba.sk\/en\/cookies\/\" \/>\n<meta property=\"og:locale\" content=\"en_US\" \/>\n<meta property=\"og:type\" content=\"article\" \/>\n<meta property=\"og:title\" content=\"Cookies - METRO Bratislava\" \/>\n<meta property=\"og:description\" content=\"Read what cookies we use\" \/>\n<meta property=\"og:url\" content=\"https:\/\/www.metroba.sk\/en\/cookies\/\" \/>\n<meta property=\"og:site_name\" content=\"METRO Bratislava\" \/>\n<meta property=\"article:modified_time\" content=\"2025-04-05T20:45:56+00:00\" \/>\n<meta name=\"twitter:card\" content=\"summary_large_image\" \/>\n<meta name=\"twitter:label1\" content=\"Est. reading time\" \/>\n\t<meta name=\"twitter:data1\" content=\"3 minutes\" \/>\n<script type=\"application\/ld+json\" class=\"yoast-schema-graph\">{\"@context\":\"https:\/\/schema.org\",\"@graph\":[{\"@type\":\"WebPage\",\"@id\":\"https:\/\/www.metroba.sk\/en\/cookies\/\",\"url\":\"https:\/\/www.metroba.sk\/en\/cookies\/\",\"name\":\"Cookies - METRO Bratislava\",\"isPartOf\":{\"@id\":\"https:\/\/www.metroba.sk\/#website\"},\"datePublished\":\"2022-02-14T18:56:10+00:00\",\"dateModified\":\"2025-04-05T20:45:56+00:00\",\"description\":\"Read what cookies we use\",\"breadcrumb\":{\"@id\":\"https:\/\/www.metroba.sk\/en\/cookies\/#breadcrumb\"},\"inLanguage\":\"en-US\",\"potentialAction\":[{\"@type\":\"ReadAction\",\"target\":[\"https:\/\/www.metroba.sk\/en\/cookies\/\"]}]},{\"@type\":\"BreadcrumbList\",\"@id\":\"https:\/\/www.metroba.sk\/en\/cookies\/#breadcrumb\",\"itemListElement\":[{\"@type\":\"ListItem\",\"position\":1,\"name\":\"Home\",\"item\":\"https:\/\/www.metroba.sk\/en\/home\/\"},{\"@type\":\"ListItem\",\"position\":2,\"name\":\"Cookies\"}]},{\"@type\":\"WebSite\",\"@id\":\"https:\/\/www.metroba.sk\/#website\",\"url\":\"https:\/\/www.metroba.sk\/\",\"name\":\"METRO Bratislava\",\"description\":\"Pom\u00e1hame stava\u0165 mesto\",\"publisher\":{\"@id\":\"https:\/\/www.metroba.sk\/#organization\"},\"potentialAction\":[{\"@type\":\"SearchAction\",\"target\":{\"@type\":\"EntryPoint\",\"urlTemplate\":\"https:\/\/www.metroba.sk\/?s={search_term_string}\"},\"query-input\":{\"@type\":\"PropertyValueSpecification\",\"valueRequired\":true,\"valueName\":\"search_term_string\"}}],\"inLanguage\":\"en-US\"},{\"@type\":\"Organization\",\"@id\":\"https:\/\/www.metroba.sk\/#organization\",\"name\":\"METRO Bratislava\",\"url\":\"https:\/\/www.metroba.sk\/\",\"logo\":{\"@type\":\"ImageObject\",\"inLanguage\":\"en-US\",\"@id\":\"https:\/\/www.metroba.sk\/#\/schema\/logo\/image\/\",\"url\":\"https:\/\/www.metroba.sk\/wp-content\/uploads\/2021\/02\/logo-2.svg\",\"contentUrl\":\"https:\/\/www.metroba.sk\/wp-content\/uploads\/2021\/02\/logo-2.svg\",\"width\":240,\"height\":62,\"caption\":\"METRO Bratislava\"},\"image\":{\"@id\":\"https:\/\/www.metroba.sk\/#\/schema\/logo\/image\/\"}}]}<\/script>\n<!-- \/ Yoast SEO plugin. -->","yoast_head_json":{"title":"Cookies - METRO Bratislava","description":"Read what cookies we use","robots":{"index":"index","follow":"follow","max-snippet":"max-snippet:-1","max-image-preview":"max-image-preview:large","max-video-preview":"max-video-preview:-1"},"canonical":"https:\/\/www.metroba.sk\/en\/cookies\/","og_locale":"en_US","og_type":"article","og_title":"Cookies - METRO Bratislava","og_description":"Read what cookies we use","og_url":"https:\/\/www.metroba.sk\/en\/cookies\/","og_site_name":"METRO Bratislava","article_modified_time":"2025-04-05T20:45:56+00:00","twitter_card":"summary_large_image","twitter_misc":{"Est. reading time":"3 minutes"},"schema":{"@context":"https:\/\/schema.org","@graph":[{"@type":"WebPage","@id":"https:\/\/www.metroba.sk\/en\/cookies\/","url":"https:\/\/www.metroba.sk\/en\/cookies\/","name":"Cookies - METRO Bratislava","isPartOf":{"@id":"https:\/\/www.metroba.sk\/#website"},"datePublished":"2022-02-14T18:56:10+00:00","dateModified":"2025-04-05T20:45:56+00:00","description":"Read what cookies we use","breadcrumb":{"@id":"https:\/\/www.metroba.sk\/en\/cookies\/#breadcrumb"},"inLanguage":"en-US","potentialAction":[{"@type":"ReadAction","target":["https:\/\/www.metroba.sk\/en\/cookies\/"]}]},{"@type":"BreadcrumbList","@id":"https:\/\/www.metroba.sk\/en\/cookies\/#breadcrumb","itemListElement":[{"@type":"ListItem","position":1,"name":"Home","item":"https:\/\/www.metroba.sk\/en\/home\/"},{"@type":"ListItem","position":2,"name":"Cookies"}]},{"@type":"WebSite","@id":"https:\/\/www.metroba.sk\/#website","url":"https:\/\/www.metroba.sk\/","name":"METRO Bratislava","description":"Pom\u00e1hame stava\u0165 mesto","publisher":{"@id":"https:\/\/www.metroba.sk\/#organization"},"potentialAction":[{"@type":"SearchAction","target":{"@type":"EntryPoint","urlTemplate":"https:\/\/www.metroba.sk\/?s={search_term_string}"},"query-input":{"@type":"PropertyValueSpecification","valueRequired":true,"valueName":"search_term_string"}}],"inLanguage":"en-US"},{"@type":"Organization","@id":"https:\/\/www.metroba.sk\/#organization","name":"METRO Bratislava","url":"https:\/\/www.metroba.sk\/","logo":{"@type":"ImageObject","inLanguage":"en-US","@id":"https:\/\/www.metroba.sk\/#\/schema\/logo\/image\/","url":"https:\/\/www.metroba.sk\/wp-content\/uploads\/2021\/02\/logo-2.svg","contentUrl":"https:\/\/www.metroba.sk\/wp-content\/uploads\/2021\/02\/logo-2.svg","width":240,"height":62,"caption":"METRO Bratislava"},"image":{"@id":"https:\/\/www.metroba.sk\/#\/schema\/logo\/image\/"}}]}},"_links":{"self":[{"href":"https:\/\/www.metroba.sk\/en\/wp-json\/wp\/v2\/pages\/1132","targetHints":{"allow":["GET"]}}],"collection":[{"href":"https:\/\/www.metroba.sk\/en\/wp-json\/wp\/v2\/pages"}],"about":[{"href":"https:\/\/www.metroba.sk\/en\/wp-json\/wp\/v2\/types\/page"}],"author":[{"embeddable":true,"href":"https:\/\/www.metroba.sk\/en\/wp-json\/wp\/v2\/users\/3"}],"replies":[{"embeddable":true,"href":"https:\/\/www.metroba.sk\/en\/wp-json\/wp\/v2\/comments?post=1132"}],"version-history":[{"count":3,"href":"https:\/\/www.metroba.sk\/en\/wp-json\/wp\/v2\/pages\/1132\/revisions"}],"predecessor-version":[{"id":1135,"href":"https:\/\/www.metroba.sk\/en\/wp-json\/wp\/v2\/pages\/1132\/revisions\/1135"}],"wp:attachment":[{"href":"https:\/\/www.metroba.sk\/en\/wp-json\/wp\/v2\/media?parent=1132"}],"curies":[{"name":"wp","href":"https:\/\/api.w.org\/{rel}","templated":true}]}}